{"id":10,"date":"2020-01-31T20:27:50","date_gmt":"2020-01-31T19:27:50","guid":{"rendered":"http:\/\/potentiel-meyzieu.fr\/?page_id=10"},"modified":"2022-05-21T19:45:25","modified_gmt":"2022-05-21T17:45:25","slug":"presentation","status":"publish","type":"page","link":"https:\/\/potentiel-meyzieu.fr\/?page_id=10","title":{"rendered":"Pr\u00e9sentation"},"content":{"rendered":"\n<p><strong>Qui sommes-nous ?<\/strong><\/p>\n\n\n\n<p>\nPOTENTIEL\n&#8230;.. \n<\/p>\n\n\n\n<div class=\"wp-block-image\"><figure class=\"alignright size-large is-resized\"><img loading=\"lazy\" decoding=\"async\" src=\"https:\/\/potentiel-meyzieu.fr\/wp-content\/uploads\/2020\/03\/couverture-40ans-741x1024.png\" alt=\"\" class=\"wp-image-362\" width=\"352\" height=\"486\" srcset=\"https:\/\/potentiel-meyzieu.fr\/wp-content\/uploads\/2020\/03\/couverture-40ans-741x1024.png 741w, https:\/\/potentiel-meyzieu.fr\/wp-content\/uploads\/2020\/03\/couverture-40ans-217x300.png 217w, https:\/\/potentiel-meyzieu.fr\/wp-content\/uploads\/2020\/03\/couverture-40ans-768x1062.png 768w, https:\/\/potentiel-meyzieu.fr\/wp-content\/uploads\/2020\/03\/couverture-40ans.png 781w\" sizes=\"(max-width: 352px) 100vw, 352px\" \/><figcaption>Couverture du Journal des 40 ans de Potentiel<\/figcaption><\/figure><\/div>\n\n\n\n<p style=\"font-size:15px\"> une Association de femmes pour les femmes qui a vu le jour en <strong>novembre 1977<\/strong> gr\u00e2ce \u00e0 un petit groupe de jeunes femmes, presque toutes retenues \u00e0 la maison par leurs enfants, mais bien d\u00e9termin\u00e9es \u00e0 faire quelque chose pour leurs semblables. Les buts principaux \u00e9taient que chacune puisse s\u2019exprimer, rompre l\u2019isolement, exploiter ses richesses enfouies  (d\u2019o\u00f9 le nom de Potentiel), s\u2019ouvrir aux autres, \u00e9tablir des rencontres et des \u00e9changes, se prendre en charge dans sa vie de femme &#8230;. <\/p>\n\n\n\n<p style=\"font-size:15px\"><br>A l\u2019origine, cette Association s\u2019adressait aux jeunes mamans pour les sortir de leurs casseroles\u2026 L\u2019id\u00e9e \u00e9tait de leur permettre d\u2019avoir une certaine formation, d\u2019exploiter leur potentiel  et de faire en sorte qu\u2019elles ne perdent pas compl\u00e8tement pied dans la vie active, et pouvoir comprendre les grands probl\u00e8mes de notre temps .<\/p>\n\n\n\n<p style=\"font-size:15px\">\nAu fil des ann\u00e9es,\nl\u2019Association a chang\u00e9 et les jeunes mamans avec. Parmi nos 264\nadh\u00e9rentes (en f\u00e9vrier 2020), nous ne comptons plus aucune jeune\nmaman, mais des retrait\u00e9es ou proches de la retraite. Ce qui ne\nchange en rien le plaisir et la convivialit\u00e9 des multiples activit\u00e9s\net conf\u00e9rences qui emportent toujours l\u2019enthousiasme des\nadh\u00e9rentes.<\/p>\n\n\n\n<p style=\"font-size:15px\">\nLes\nbuts de Potentiel s\u2019\u00e9noncent toujours ainsi&nbsp;: \n<\/p>\n\n\n\n<p style=\"font-size:15px\"> <strong>Prendre conscience de ses besoins et de ses dons, favoriser un \u00e9panouissement personnel<\/strong> en participant aux activit\u00e9s sportives ou culturelles&nbsp;:&nbsp; yoga, eutonie, marche&nbsp;; visites de mus\u00e9es&nbsp;; expositions \u00e0 Lyon&nbsp;; conf\u00e9rences \u00e0 la Maison des Associations (sant\u00e9, musique, histoire, \u2026)&nbsp;; sorties diverses (visites guid\u00e9es de Lyon et alentours)&nbsp;; un voyage trimestriel en demi-journ\u00e9e&nbsp;; un voyage annuel en juin&nbsp;; ateliers&nbsp;: th\u00e9\u00e2tre, peinture-dessin, \u00e9criture, lecture,\u2026Des ateliers comme astrologie, sophrologie, graphologie, m\u00e9moire, communication, dessin, informatique ont dur\u00e9 quelques ann\u00e9es. Plus de d\u00e9tails des activit\u00e9s d\u00e9j\u00e0 pratiqu\u00e9es figurent sur les journaux anniversaires des 30 et 40 ans de l\u2019Association (\u00e0 t\u00e9l\u00e9charger en bas de cette page).<\/p>\n\n\n\n<p style=\"font-size:15px\"> Les 12 membres du Bureau se r\u00e9unissent une fois par mois pour trier, s\u00e9lectionner et affiner les diff\u00e9rentes id\u00e9es soumises par ces membres ou les Adh\u00e9rentes. <br>Une r\u00e9union trimestrielle rassemble les Adh\u00e9rentes \u00e0 l\u2019Espace Jean Poperen le 1<sup>er<\/sup> jeudi du trimestre pour la pr\u00e9sentation et les inscriptions aux activit\u00e9s. <br>L\u2019Assembl\u00e9e  G\u00e9n\u00e9rale a lieu le 3e ou 4e jeudi de septembre. Les Adh\u00e9rentes sont  inform\u00e9es par convocation envoy\u00e9e 15 jours avant l\u2019AG.  <br>Les absentes aux Assembl\u00e9es re\u00e7oivent le programme trimestriel par courrier ou le consultent sur le site de l\u2019Association.<br>En f\u00e9vrier 2020, l\u2019Association compte 264 adh\u00e9rentes, principalement Majolanes.  <\/p>\n\n\n\n<p><\/p>\n\n\n\n<div class=\"wp-block-file\"><a id=\"wp-block-file--media-d4371e44-2bb1-4852-80ad-59c2281902f9\" href=\"https:\/\/potentiel-meyzieu.fr\/wp-content\/uploads\/2020\/02\/JOURNAL-30-Ans-complet.pdf\">Journal des 30 ans de Potentiel<\/a><a href=\"https:\/\/potentiel-meyzieu.fr\/wp-content\/uploads\/2020\/02\/JOURNAL-30-Ans-complet.pdf\" class=\"wp-block-file__button\" download aria-describedby=\"wp-block-file--media-d4371e44-2bb1-4852-80ad-59c2281902f9\">T\u00e9l\u00e9charger<\/a><\/div>\n\n\n\n<p><\/p>\n\n\n\n<div class=\"wp-block-file\"><a id=\"wp-block-file--media-d6095727-e721-4a51-9b38-b11af8e2466f\" href=\"https:\/\/potentiel-meyzieu.fr\/wp-content\/uploads\/2020\/02\/Journal-40-Ans.pdf\">Journal des 40 ans de Potentiel<\/a><a href=\"https:\/\/potentiel-meyzieu.fr\/wp-content\/uploads\/2020\/02\/Journal-40-Ans.pdf\" class=\"wp-block-file__button\" download aria-describedby=\"wp-block-file--media-d6095727-e721-4a51-9b38-b11af8e2466f\">T\u00e9l\u00e9charger<\/a><\/div>\n\n\n\n<p>L&rsquo;association Potentiel est signataire du Contrat R\u00e9publicain.<\/p>\n\n\n\n<div data-wp-interactive=\"core\/file\" class=\"wp-block-file\"><object data-wp-bind--hidden=\"!state.hasPdfPreview\"  class=\"wp-block-file__embed\" data=\"https:\/\/potentiel-meyzieu.fr\/wp-content\/uploads\/2022\/05\/Contrat-Republicain.pdf\" type=\"application\/pdf\" style=\"width:100%;height:600px\" aria-label=\"Contenu embarqu\u00e9 Contenu embarqu\u00e9 Contrat-Republicain..\"><\/object><a id=\"wp-block-file--media-2bf8efcb-0f02-485e-bdd7-98a90e501eb3\" href=\"https:\/\/potentiel-meyzieu.fr\/wp-content\/uploads\/2022\/05\/Contrat-Republicain.pdf\">Contrat-Republicain<\/a><a href=\"https:\/\/potentiel-meyzieu.fr\/wp-content\/uploads\/2022\/05\/Contrat-Republicain.pdf\" class=\"wp-block-file__button\" download aria-describedby=\"wp-block-file--media-2bf8efcb-0f02-485e-bdd7-98a90e501eb3\">T\u00e9l\u00e9charger<\/a><\/div>\n","protected":false},"excerpt":{"rendered":"<p>Qui sommes-nous ? POTENTIEL &#8230;.. une Association de femmes pour les femmes qui a vu le jour en novembre 1977 gr\u00e2ce \u00e0 un petit groupe de jeunes femmes, presque toutes retenues \u00e0 la maison par leurs enfants, mais bien d\u00e9termin\u00e9es \u00e0 faire quelque chose pour leurs semblables. Les buts principaux \u00e9taient que chacune puisse s\u2019exprimer, [&hellip;]<\/p>\n","protected":false},"author":1,"featured_media":362,"parent":0,"menu_order":0,"comment_status":"closed","ping_status":"closed","template":"","meta":{"footnotes":""},"yoast_head":"<!-- This site is optimized with the Yoast SEO plugin v24.5 - https:\/\/yoast.com\/wordpress\/plugins\/seo\/ -->\n<title>Pr\u00e9sentation - Association Potentiel<\/title>\n<meta name=\"robots\" content=\"index, follow, max-snippet:-1, max-image-preview:large, max-video-preview:-1\" \/>\n<link rel=\"canonical\" href=\"https:\/\/potentiel-meyzieu.fr\/?page_id=10\" \/>\n<meta property=\"og:locale\" content=\"fr_FR\" \/>\n<meta property=\"og:type\" content=\"article\" \/>\n<meta property=\"og:title\" content=\"Pr\u00e9sentation - Association Potentiel\" \/>\n<meta property=\"og:description\" content=\"Qui sommes-nous ? POTENTIEL &#8230;.. une Association de femmes pour les femmes qui a vu le jour en novembre 1977 gr\u00e2ce \u00e0 un petit groupe de jeunes femmes, presque toutes retenues \u00e0 la maison par leurs enfants, mais bien d\u00e9termin\u00e9es \u00e0 faire quelque chose pour leurs semblables. Les buts principaux \u00e9taient que chacune puisse s\u2019exprimer, [&hellip;]\" \/>\n<meta property=\"og:url\" content=\"https:\/\/potentiel-meyzieu.fr\/?page_id=10\" \/>\n<meta property=\"og:site_name\" content=\"Association Potentiel\" \/>\n<meta property=\"article:modified_time\" content=\"2022-05-21T17:45:25+00:00\" \/>\n<meta property=\"og:image\" content=\"https:\/\/potentiel-meyzieu.fr\/wp-content\/uploads\/2020\/03\/couverture-40ans.png\" \/>\n\t<meta property=\"og:image:width\" content=\"781\" \/>\n\t<meta property=\"og:image:height\" content=\"1080\" \/>\n\t<meta property=\"og:image:type\" content=\"image\/png\" \/>\n<meta name=\"twitter:card\" content=\"summary_large_image\" \/>\n<meta name=\"twitter:label1\" content=\"Dur\u00e9e de lecture estim\u00e9e\" \/>\n\t<meta name=\"twitter:data1\" content=\"3 minutes\" \/>\n<script type=\"application\/ld+json\" class=\"yoast-schema-graph\">{\"@context\":\"https:\/\/schema.org\",\"@graph\":[{\"@type\":\"WebPage\",\"@id\":\"https:\/\/potentiel-meyzieu.fr\/?page_id=10\",\"url\":\"https:\/\/potentiel-meyzieu.fr\/?page_id=10\",\"name\":\"Pr\u00e9sentation - Association Potentiel\",\"isPartOf\":{\"@id\":\"https:\/\/potentiel-meyzieu.fr\/#website\"},\"primaryImageOfPage\":{\"@id\":\"https:\/\/potentiel-meyzieu.fr\/?page_id=10#primaryimage\"},\"image\":{\"@id\":\"https:\/\/potentiel-meyzieu.fr\/?page_id=10#primaryimage\"},\"thumbnailUrl\":\"https:\/\/potentiel-meyzieu.fr\/wp-content\/uploads\/2020\/03\/couverture-40ans.png\",\"datePublished\":\"2020-01-31T19:27:50+00:00\",\"dateModified\":\"2022-05-21T17:45:25+00:00\",\"breadcrumb\":{\"@id\":\"https:\/\/potentiel-meyzieu.fr\/?page_id=10#breadcrumb\"},\"inLanguage\":\"fr-FR\",\"potentialAction\":[{\"@type\":\"ReadAction\",\"target\":[\"https:\/\/potentiel-meyzieu.fr\/?page_id=10\"]}]},{\"@type\":\"ImageObject\",\"inLanguage\":\"fr-FR\",\"@id\":\"https:\/\/potentiel-meyzieu.fr\/?page_id=10#primaryimage\",\"url\":\"https:\/\/potentiel-meyzieu.fr\/wp-content\/uploads\/2020\/03\/couverture-40ans.png\",\"contentUrl\":\"https:\/\/potentiel-meyzieu.fr\/wp-content\/uploads\/2020\/03\/couverture-40ans.png\",\"width\":781,\"height\":1080,\"caption\":\"Couverture du Journal des 40 ans de Potentiel\"},{\"@type\":\"BreadcrumbList\",\"@id\":\"https:\/\/potentiel-meyzieu.fr\/?page_id=10#breadcrumb\",\"itemListElement\":[{\"@type\":\"ListItem\",\"position\":1,\"name\":\"Accueil\",\"item\":\"https:\/\/potentiel-meyzieu.fr\/\"},{\"@type\":\"ListItem\",\"position\":2,\"name\":\"Pr\u00e9sentation\"}]},{\"@type\":\"WebSite\",\"@id\":\"https:\/\/potentiel-meyzieu.fr\/#website\",\"url\":\"https:\/\/potentiel-meyzieu.fr\/\",\"name\":\"Association Potentiel\",\"description\":\"\",\"publisher\":{\"@id\":\"https:\/\/potentiel-meyzieu.fr\/#organization\"},\"potentialAction\":[{\"@type\":\"SearchAction\",\"target\":{\"@type\":\"EntryPoint\",\"urlTemplate\":\"https:\/\/potentiel-meyzieu.fr\/?s={search_term_string}\"},\"query-input\":{\"@type\":\"PropertyValueSpecification\",\"valueRequired\":true,\"valueName\":\"search_term_string\"}}],\"inLanguage\":\"fr-FR\"},{\"@type\":\"Organization\",\"@id\":\"https:\/\/potentiel-meyzieu.fr\/#organization\",\"name\":\"Association Potentiel\",\"url\":\"https:\/\/potentiel-meyzieu.fr\/\",\"logo\":{\"@type\":\"ImageObject\",\"inLanguage\":\"fr-FR\",\"@id\":\"https:\/\/potentiel-meyzieu.fr\/#\/schema\/logo\/image\/\",\"url\":\"https:\/\/potentiel-meyzieu.fr\/wp-content\/uploads\/2020\/03\/cropped-Logo2020.png\",\"contentUrl\":\"https:\/\/potentiel-meyzieu.fr\/wp-content\/uploads\/2020\/03\/cropped-Logo2020.png\",\"width\":469,\"height\":485,\"caption\":\"Association Potentiel\"},\"image\":{\"@id\":\"https:\/\/potentiel-meyzieu.fr\/#\/schema\/logo\/image\/\"}}]}<\/script>\n<!-- \/ Yoast SEO plugin. -->","yoast_head_json":{"title":"Pr\u00e9sentation - Association Potentiel","robots":{"index":"index","follow":"follow","max-snippet":"max-snippet:-1","max-image-preview":"max-image-preview:large","max-video-preview":"max-video-preview:-1"},"canonical":"https:\/\/potentiel-meyzieu.fr\/?page_id=10","og_locale":"fr_FR","og_type":"article","og_title":"Pr\u00e9sentation - Association Potentiel","og_description":"Qui sommes-nous ? POTENTIEL &#8230;.. une Association de femmes pour les femmes qui a vu le jour en novembre 1977 gr\u00e2ce \u00e0 un petit groupe de jeunes femmes, presque toutes retenues \u00e0 la maison par leurs enfants, mais bien d\u00e9termin\u00e9es \u00e0 faire quelque chose pour leurs semblables. Les buts principaux \u00e9taient que chacune puisse s\u2019exprimer, [&hellip;]","og_url":"https:\/\/potentiel-meyzieu.fr\/?page_id=10","og_site_name":"Association Potentiel","article_modified_time":"2022-05-21T17:45:25+00:00","og_image":[{"width":781,"height":1080,"url":"https:\/\/potentiel-meyzieu.fr\/wp-content\/uploads\/2020\/03\/couverture-40ans.png","type":"image\/png"}],"twitter_card":"summary_large_image","twitter_misc":{"Dur\u00e9e de lecture estim\u00e9e":"3 minutes"},"schema":{"@context":"https:\/\/schema.org","@graph":[{"@type":"WebPage","@id":"https:\/\/potentiel-meyzieu.fr\/?page_id=10","url":"https:\/\/potentiel-meyzieu.fr\/?page_id=10","name":"Pr\u00e9sentation - Association Potentiel","isPartOf":{"@id":"https:\/\/potentiel-meyzieu.fr\/#website"},"primaryImageOfPage":{"@id":"https:\/\/potentiel-meyzieu.fr\/?page_id=10#primaryimage"},"image":{"@id":"https:\/\/potentiel-meyzieu.fr\/?page_id=10#primaryimage"},"thumbnailUrl":"https:\/\/potentiel-meyzieu.fr\/wp-content\/uploads\/2020\/03\/couverture-40ans.png","datePublished":"2020-01-31T19:27:50+00:00","dateModified":"2022-05-21T17:45:25+00:00","breadcrumb":{"@id":"https:\/\/potentiel-meyzieu.fr\/?page_id=10#breadcrumb"},"inLanguage":"fr-FR","potentialAction":[{"@type":"ReadAction","target":["https:\/\/potentiel-meyzieu.fr\/?page_id=10"]}]},{"@type":"ImageObject","inLanguage":"fr-FR","@id":"https:\/\/potentiel-meyzieu.fr\/?page_id=10#primaryimage","url":"https:\/\/potentiel-meyzieu.fr\/wp-content\/uploads\/2020\/03\/couverture-40ans.png","contentUrl":"https:\/\/potentiel-meyzieu.fr\/wp-content\/uploads\/2020\/03\/couverture-40ans.png","width":781,"height":1080,"caption":"Couverture du Journal des 40 ans de Potentiel"},{"@type":"BreadcrumbList","@id":"https:\/\/potentiel-meyzieu.fr\/?page_id=10#breadcrumb","itemListElement":[{"@type":"ListItem","position":1,"name":"Accueil","item":"https:\/\/potentiel-meyzieu.fr\/"},{"@type":"ListItem","position":2,"name":"Pr\u00e9sentation"}]},{"@type":"WebSite","@id":"https:\/\/potentiel-meyzieu.fr\/#website","url":"https:\/\/potentiel-meyzieu.fr\/","name":"Association Potentiel","description":"","publisher":{"@id":"https:\/\/potentiel-meyzieu.fr\/#organization"},"potentialAction":[{"@type":"SearchAction","target":{"@type":"EntryPoint","urlTemplate":"https:\/\/potentiel-meyzieu.fr\/?s={search_term_string}"},"query-input":{"@type":"PropertyValueSpecification","valueRequired":true,"valueName":"search_term_string"}}],"inLanguage":"fr-FR"},{"@type":"Organization","@id":"https:\/\/potentiel-meyzieu.fr\/#organization","name":"Association Potentiel","url":"https:\/\/potentiel-meyzieu.fr\/","logo":{"@type":"ImageObject","inLanguage":"fr-FR","@id":"https:\/\/potentiel-meyzieu.fr\/#\/schema\/logo\/image\/","url":"https:\/\/potentiel-meyzieu.fr\/wp-content\/uploads\/2020\/03\/cropped-Logo2020.png","contentUrl":"https:\/\/potentiel-meyzieu.fr\/wp-content\/uploads\/2020\/03\/cropped-Logo2020.png","width":469,"height":485,"caption":"Association Potentiel"},"image":{"@id":"https:\/\/potentiel-meyzieu.fr\/#\/schema\/logo\/image\/"}}]}},"_links":{"self":[{"href":"https:\/\/potentiel-meyzieu.fr\/index.php?rest_route=\/wp\/v2\/pages\/10"}],"collection":[{"href":"https:\/\/potentiel-meyzieu.fr\/index.php?rest_route=\/wp\/v2\/pages"}],"about":[{"href":"https:\/\/potentiel-meyzieu.fr\/index.php?rest_route=\/wp\/v2\/types\/page"}],"author":[{"embeddable":true,"href":"https:\/\/potentiel-meyzieu.fr\/index.php?rest_route=\/wp\/v2\/users\/1"}],"replies":[{"embeddable":true,"href":"https:\/\/potentiel-meyzieu.fr\/index.php?rest_route=%2Fwp%2Fv2%2Fcomments&post=10"}],"version-history":[{"count":15,"href":"https:\/\/potentiel-meyzieu.fr\/index.php?rest_route=\/wp\/v2\/pages\/10\/revisions"}],"predecessor-version":[{"id":737,"href":"https:\/\/potentiel-meyzieu.fr\/index.php?rest_route=\/wp\/v2\/pages\/10\/revisions\/737"}],"wp:featuredmedia":[{"embeddable":true,"href":"https:\/\/potentiel-meyzieu.fr\/index.php?rest_route=\/wp\/v2\/media\/362"}],"wp:attachment":[{"href":"https:\/\/potentiel-meyzieu.fr\/index.php?rest_route=%2Fwp%2Fv2%2Fmedia&parent=10"}],"curies":[{"name":"wp","href":"https:\/\/api.w.org\/{rel}","templated":true}]}}